{"id":6,"date":"2024-02-27T05:29:16","date_gmt":"2024-02-27T05:29:16","guid":{"rendered":"https:\/\/cleanon.dk\/?page_id=6"},"modified":"2024-03-13T06:43:21","modified_gmt":"2024-03-13T06:43:21","slug":"alt-inden-for-rengoering","status":"publish","type":"page","link":"https:\/\/cleanon.dk\/?page_id=6","title":{"rendered":"Alt inden for reng\u00f8ring"},"content":{"rendered":"\n<div class=\"wp-block-group alignfull has-global-padding is-layout-constrained wp-container-core-group-is-layout-490fa1db wp-block-group-is-layout-constrained\" style=\"padding-top:var(--wp--preset--spacing--50);padding-right:var(--wp--preset--spacing--50);padding-bottom:var(--wp--preset--spacing--50);padding-left:var(--wp--preset--spacing--50)\">\n<div class=\"wp-block-group has-global-padding is-layout-constrained wp-container-core-group-is-layout-650790e1 wp-block-group-is-layout-constrained\">\n<h1 class=\"wp-block-heading has-text-align-center has-x-large-font-size\">Vi er her for at hj\u00e6lpe dig, vi har erfaringen.<\/h1>\n\n\n\n<div style=\"height:1.25rem\" aria-hidden=\"true\" class=\"wp-block-spacer\"><\/div>\n\n\n\n<p class=\"has-text-align-center\">Erhvervsreng\u00f8ring-Butiksreng\u00f8ring-Byggepladsservice. Kontorreng\u00f8ring-H\u00e5ndv\u00e6rkerreng\u00f8ring-Privat reng\u00f8ring-Hovedreng\u00f8ring-Afkalkning-Fraflytterreng\u00f8ring-You name it.<\/p>\n\n\n\n<div style=\"height:1.25rem\" aria-hidden=\"true\" class=\"wp-block-spacer\"><\/div>\n\n\n\n<div class=\"wp-block-buttons is-content-justification-center is-layout-flex wp-container-core-buttons-is-layout-a89b3969 wp-block-buttons-is-layout-flex\">\n<div class=\"wp-block-button\"><a class=\"wp-block-button__link wp-element-button\">About us<\/a><\/div>\n<\/div>\n<\/div>\n\n\n\n<div style=\"height:var(--wp--preset--spacing--30)\" aria-hidden=\"true\" class=\"wp-block-spacer\"><\/div>\n\n\n\n<figure class=\"wp-block-image alignwide size-full is-style-rounded is-style-rounded--1\"><img loading=\"lazy\" decoding=\"async\" width=\"1600\" height=\"1033\" src=\"https:\/\/cleanon.dk\/wp-content\/uploads\/2024\/02\/e236c891-9bad-49ef-981d-c5aa445cab84.jpeg\" alt=\"\" class=\"wp-image-9\" srcset=\"https:\/\/cleanon.dk\/wp-content\/uploads\/2024\/02\/e236c891-9bad-49ef-981d-c5aa445cab84.jpeg 1600w, https:\/\/cleanon.dk\/wp-content\/uploads\/2024\/02\/e236c891-9bad-49ef-981d-c5aa445cab84-300x194.jpeg 300w, https:\/\/cleanon.dk\/wp-content\/uploads\/2024\/02\/e236c891-9bad-49ef-981d-c5aa445cab84-1024x661.jpeg 1024w, https:\/\/cleanon.dk\/wp-content\/uploads\/2024\/02\/e236c891-9bad-49ef-981d-c5aa445cab84-768x496.jpeg 768w, https:\/\/cleanon.dk\/wp-content\/uploads\/2024\/02\/e236c891-9bad-49ef-981d-c5aa445cab84-1536x992.jpeg 1536w\" sizes=\"auto, (max-width: 1600px) 100vw, 1600px\" \/><\/figure>\n<\/div>\n\n\n\n<div class=\"wp-block-group alignfull has-base-2-background-color has-background has-global-padding is-layout-constrained wp-container-core-group-is-layout-669513ed wp-block-group-is-layout-constrained\" style=\"margin-top:0;margin-bottom:0;padding-top:var(--wp--preset--spacing--50);padding-right:var(--wp--preset--spacing--50);padding-bottom:var(--wp--preset--spacing--50);padding-left:var(--wp--preset--spacing--50)\">\n<div class=\"wp-block-group is-vertical is-content-justification-center is-layout-flex wp-container-core-group-is-layout-52b864f0 wp-block-group-is-layout-flex\">\n<h2 class=\"wp-block-heading has-text-align-center is-style-asterisk\">Ring til Niels p\u00e5 60 60 85 90<\/h2>\n\n\n\n<div style=\"height:0px\" aria-hidden=\"true\" class=\"wp-block-spacer wp-container-content-4f2ccadb\"><\/div>\n\n\n\n<p class=\"has-text-align-center\">Jeg er her for at l\u00f8se jeres opgave. Jeg tager gerne med selv, for at starte det hele op. Giv et ring, eller send en mail p\u00e5 nielsjj10@hotmail.com. Jeg er klar med at kunne give en pris.<\/p>\n<\/div>\n\n\n\n<div style=\"margin-top:0;margin-bottom:0;height:var(--wp--preset--spacing--40)\" aria-hidden=\"true\" class=\"wp-block-spacer\"><\/div>\n\n\n\n<div class=\"wp-block-columns alignwide is-layout-flex wp-container-core-columns-is-layout-d0bbbce0 wp-block-columns-is-layout-flex\">\n<div class=\"wp-block-column is-layout-flow wp-container-core-column-is-layout-e3d1c41b wp-block-column-is-layout-flow\">\n<h3 class=\"wp-block-heading has-text-align-left is-style-asterisk has-body-font-family has-medium-font-size\" style=\"font-style:normal;font-weight:600\">Erhvervsreng\u00f8ring<\/h3>\n\n\n\n<p class=\"has-text-align-left\">Alle former for erhverv, kan have brug for reng\u00f8ring. Alle erhverv er forskellige. Vi har erfaring inden for fabriksreng\u00f8ring, herunder h\u00f8jdereng\u00f8ring og maskinerng\u00f8ring<\/p>\n<\/div>\n\n\n\n<div class=\"wp-block-column is-layout-flow wp-container-core-column-is-layout-e3d1c41b wp-block-column-is-layout-flow\">\n<h3 class=\"wp-block-heading has-text-align-left is-style-asterisk has-body-font-family has-medium-font-size\" style=\"font-style:normal;font-weight:600\">Butiksreng\u00f8ring<\/h3>\n\n\n\n<p class=\"has-text-align-left\">Vi st\u00e5r og har st\u00e5et for reng\u00f8ringen af div. Brugser, Kvicklyer og Irmaer mm. Har ogs\u00e5 fortaget hovedreng\u00f8ringer af bla. Nettoer.<\/p>\n<\/div>\n\n\n\n<div class=\"wp-block-column is-layout-flow wp-container-core-column-is-layout-e3d1c41b wp-block-column-is-layout-flow\">\n<h3 class=\"wp-block-heading has-text-align-left is-style-asterisk has-body-font-family has-medium-font-size\" style=\"font-style:normal;font-weight:600\">Hovedreng\u00f8ring<\/h3>\n\n\n\n<p class=\"has-text-align-left\">Skal der virkelig kommes i bund, s\u00e5 er vi klar med hovedreng\u00f8ring. <\/p>\n<\/div>\n\n\n\n<div class=\"wp-block-column is-layout-flow wp-container-core-column-is-layout-e3d1c41b wp-block-column-is-layout-flow\">\n<h3 class=\"wp-block-heading has-text-align-left is-style-asterisk has-body-font-family has-medium-font-size\" style=\"font-style:normal;font-weight:600\">Butiksreng\u00f8ring<\/h3>\n\n\n\n<p class=\"has-text-align-left\">Vi st\u00e5r og har st\u00e5et for reng\u00f8ringen af div. Brugser, Kvicklyer og Irmaer mm. Har ogs\u00e5 fortaget hovedreng\u00f8ringer af bla. Nettoer.<\/p>\n<\/div>\n\n\n\n<div class=\"wp-block-column is-layout-flow wp-container-core-column-is-layout-e3d1c41b wp-block-column-is-layout-flow\">\n<h3 class=\"wp-block-heading has-text-align-left is-style-asterisk has-body-font-family has-medium-font-size\" style=\"font-style:normal;font-weight:600\">Byggepladsreng\u00f8ring<\/h3>\n\n\n\n<p class=\"has-text-align-left\">Vi ved hvad der kr\u00e6ves for at udf\u00f8re byggepladsreng\u00f8ring. Det kan enten v\u00e6re som l\u00f8bende (tilkalde) hj\u00e6lp, eller simplethen slutreng\u00f8ring, hvor det hele bare skal st\u00e5 knivskarpt. Der er ogs\u00e5 en masse reng\u00f8ring derimellem som vi har erfaring med. Ogs\u00e5 skurvogne.<\/p>\n<\/div>\n<\/div>\n\n\n\n<div style=\"height:var(--wp--preset--spacing--20)\" aria-hidden=\"true\" class=\"wp-block-spacer\"><\/div>\n\n\n\n<div class=\"wp-block-columns alignwide is-layout-flex wp-container-core-columns-is-layout-d0bbbce0 wp-block-columns-is-layout-flex\">\n<div class=\"wp-block-column is-layout-flow wp-container-core-column-is-layout-e3d1c41b wp-block-column-is-layout-flow\">\n<h3 class=\"wp-block-heading has-text-align-left is-style-asterisk has-body-font-family has-medium-font-size\" style=\"font-style:normal;font-weight:600\">Kontorreng\u00f8ring.<\/h3>\n\n\n\n<p class=\"has-text-align-left\">Der laves en plan, hvor vi sammen finder ud af hvor meget behov der er for reng\u00f8ring. Typisk er der ikke brug for daglig reng\u00f8ring af kontorer. Vi laver gerne en induviduel plan. Typisk kan der v\u00e6re reng\u00f8ring to gange om ugen, hvis pladsen ikke er s\u00e5 stor<\/p>\n<\/div>\n\n\n\n<div class=\"wp-block-column is-layout-flow wp-container-core-column-is-layout-e3d1c41b wp-block-column-is-layout-flow\">\n<h3 class=\"wp-block-heading has-text-align-left is-style-asterisk has-body-font-family has-medium-font-size\" style=\"font-style:normal;font-weight:600\">Kontorreng\u00f8ring.<\/h3>\n\n\n\n<p class=\"has-text-align-left\">Der laves en plan, hvor vi sammen finder ud af hvor meget behov der er for reng\u00f8ring. Typisk er der ikke brug for daglig reng\u00f8ring af kontorer. Vi laver gerne en induviduel plan. Typisk kan der v\u00e6re reng\u00f8ring to gange om ugen, hvis pladsen ikke er s\u00e5 stor<\/p>\n<\/div>\n\n\n\n<div class=\"wp-block-column is-layout-flow wp-container-core-column-is-layout-e3d1c41b wp-block-column-is-layout-flow\">\n<h3 class=\"wp-block-heading has-text-align-left is-style-asterisk has-body-font-family has-medium-font-size\" style=\"font-style:normal;font-weight:600\">Kontorreng\u00f8ring.<\/h3>\n\n\n\n<p class=\"has-text-align-left\">Der laves en plan, hvor vi sammen finder ud af hvor meget behov der er for reng\u00f8ring. Typisk er der ikke brug for daglig reng\u00f8ring af kontorer. Vi laver gerne en induviduel plan. Typisk kan der v\u00e6re reng\u00f8ring to gange om ugen, hvis pladsen ikke er s\u00e5 stor<\/p>\n<\/div>\n\n\n\n<div class=\"wp-block-column is-layout-flow wp-container-core-column-is-layout-e3d1c41b wp-block-column-is-layout-flow\">\n<h3 class=\"wp-block-heading has-text-align-left is-style-asterisk has-body-font-family has-medium-font-size\" style=\"font-style:normal;font-weight:600\">H\u00e5ndv\u00e6rker reng\u00f8ring<\/h3>\n\n\n\n<p class=\"has-text-align-left\">Det er tit, at h\u00e5ndv\u00e6rkerne gerne vil have en reng\u00f8ring midtvejs, hvor der laves en grovreng\u00f8ring (fjernelse af pap og hurtig reng\u00f8ring). S\u00e5 er der ogs\u00e5 slut reng\u00f8ring, hvor det skal v\u00e6re helt rent. H\u00e5ndv\u00e6rker reng\u00f8ring kan ogs\u00e5 v\u00e6re, n\u00e5r der skal g\u00f8res rent inden at h\u00e5ndv\u00e6rkerne kan g\u00e5 i gang.<\/p>\n<\/div>\n\n\n\n<div class=\"wp-block-column is-layout-flow wp-container-core-column-is-layout-e3d1c41b wp-block-column-is-layout-flow\">\n<h3 class=\"wp-block-heading has-text-align-left is-style-asterisk has-body-font-family has-medium-font-size\" style=\"font-style:normal;font-weight:600\">Privat reng\u00f8ring<\/h3>\n\n\n\n<p class=\"has-text-align-left\">Hvis du har brug for at komme hjem til et rent hjem, m\u00e5ske en gang om ugen, eller hver 14-dag. Vi er her for det samme.<\/p>\n<\/div>\n<\/div>\n<\/div>\n\n\n\n<div class=\"wp-block-group alignfull has-global-padding is-layout-constrained wp-container-core-group-is-layout-d89aad35 wp-block-group-is-layout-constrained\" style=\"margin-top:0;margin-bottom:0;padding-top:var(--wp--preset--spacing--50);padding-right:var(--wp--preset--spacing--50);padding-bottom:var(--wp--preset--spacing--50);padding-left:var(--wp--preset--spacing--50)\">\n<div class=\"wp-block-group alignwide has-global-padding is-layout-constrained wp-container-core-group-is-layout-19e250f3 wp-block-group-is-layout-constrained\">\n<div class=\"wp-block-group is-vertical is-content-justification-center is-layout-flex wp-container-core-group-is-layout-6329a8f3 wp-block-group-is-layout-flex\">\n<blockquote class=\"wp-block-quote is-layout-flow wp-block-quote-is-layout-flow\">\n<h2 class=\"wp-block-heading has-text-align-center is-style-asterisk\">Vi er klar p\u00e5 samarbejde.<\/h2>\n\n\n\n<p class=\"has-text-align-center\">Vi har pr\u00f8vet det meste, og selvf\u00f8lgelig er alle opgaver forskellige. Men vi tror alligevel at vi kender din opgave.<\/p>\n<\/blockquote>\n<\/div>\n\n\n\n<div style=\"height:var(--wp--preset--spacing--40)\" aria-hidden=\"true\" class=\"wp-block-spacer\"><\/div>\n\n\n\n<div class=\"wp-block-columns alignwide is-layout-flex wp-container-core-columns-is-layout-d1c656ed wp-block-columns-is-layout-flex\">\n<div class=\"wp-block-column is-vertically-aligned-center is-layout-flow wp-block-column-is-layout-flow\" style=\"flex-basis:40%\">\n<h3 class=\"wp-block-heading is-style-asterisk\">F\u00f8r<\/h3>\n<\/div>\n\n\n\n<div class=\"wp-block-column is-layout-flow wp-block-column-is-layout-flow\" style=\"flex-basis:50%\">\n<figure class=\"wp-block-image size-large is-style-rounded is-style-rounded--2\"><img loading=\"lazy\" decoding=\"async\" width=\"1024\" height=\"352\" src=\"https:\/\/cleanon.dk\/wp-content\/uploads\/2024\/02\/Skaermbillede-2024-01-05-kl.-08.36.53-1024x352.png\" alt=\"\" class=\"wp-image-8\" srcset=\"https:\/\/cleanon.dk\/wp-content\/uploads\/2024\/02\/Skaermbillede-2024-01-05-kl.-08.36.53-1024x352.png 1024w, https:\/\/cleanon.dk\/wp-content\/uploads\/2024\/02\/Skaermbillede-2024-01-05-kl.-08.36.53-300x103.png 300w, https:\/\/cleanon.dk\/wp-content\/uploads\/2024\/02\/Skaermbillede-2024-01-05-kl.-08.36.53-768x264.png 768w, https:\/\/cleanon.dk\/wp-content\/uploads\/2024\/02\/Skaermbillede-2024-01-05-kl.-08.36.53-1536x529.png 1536w, https:\/\/cleanon.dk\/wp-content\/uploads\/2024\/02\/Skaermbillede-2024-01-05-kl.-08.36.53-2048x705.png 2048w\" sizes=\"auto, (max-width: 1024px) 100vw, 1024px\" \/><\/figure>\n<\/div>\n<\/div>\n\n\n\n<div style=\"height:var(--wp--preset--spacing--40)\" aria-hidden=\"true\" class=\"wp-block-spacer\"><\/div>\n\n\n\n<div class=\"wp-block-columns alignwide is-layout-flex wp-container-core-columns-is-layout-d1c656ed wp-block-columns-is-layout-flex\">\n<div class=\"wp-block-column is-layout-flow wp-block-column-is-layout-flow\" style=\"flex-basis:50%\">\n<figure class=\"wp-block-image size-large is-resized is-style-rounded is-style-rounded--3\"><img loading=\"lazy\" decoding=\"async\" width=\"768\" height=\"1024\" src=\"https:\/\/cleanon.dk\/wp-content\/uploads\/2024\/02\/IMG_9567-768x1024.jpeg\" alt=\"\" class=\"wp-image-10\" style=\"width:387px;height:auto\" srcset=\"https:\/\/cleanon.dk\/wp-content\/uploads\/2024\/02\/IMG_9567-768x1024.jpeg 768w, https:\/\/cleanon.dk\/wp-content\/uploads\/2024\/02\/IMG_9567-225x300.jpeg 225w, https:\/\/cleanon.dk\/wp-content\/uploads\/2024\/02\/IMG_9567-1152x1536.jpeg 1152w, https:\/\/cleanon.dk\/wp-content\/uploads\/2024\/02\/IMG_9567-1536x2048.jpeg 1536w, https:\/\/cleanon.dk\/wp-content\/uploads\/2024\/02\/IMG_9567-scaled.jpeg 1920w\" sizes=\"auto, (max-width: 768px) 100vw, 768px\" \/><\/figure>\n<\/div>\n\n\n\n<div class=\"wp-block-column is-vertically-aligned-center is-layout-flow wp-block-column-is-layout-flow\" style=\"flex-basis:40%\">\n<h3 class=\"wp-block-heading is-style-asterisk\"><img loading=\"lazy\" decoding=\"async\" width=\"500\" height=\"667\" class=\"wp-image-11\" style=\"width: 500px;\" src=\"https:\/\/cleanon.dk\/wp-content\/uploads\/2024\/02\/IMG_9576-scaled.jpeg\" alt=\"\" srcset=\"https:\/\/cleanon.dk\/wp-content\/uploads\/2024\/02\/IMG_9576-scaled.jpeg 1920w, https:\/\/cleanon.dk\/wp-content\/uploads\/2024\/02\/IMG_9576-225x300.jpeg 225w, https:\/\/cleanon.dk\/wp-content\/uploads\/2024\/02\/IMG_9576-768x1024.jpeg 768w, https:\/\/cleanon.dk\/wp-content\/uploads\/2024\/02\/IMG_9576-1152x1536.jpeg 1152w, https:\/\/cleanon.dk\/wp-content\/uploads\/2024\/02\/IMG_9576-1536x2048.jpeg 1536w\" sizes=\"auto, (max-width: 500px) 100vw, 500px\" \/> Efter<\/h3>\n<\/div>\n<\/div>\n<\/div>\n<\/div>\n\n\n\n<div class=\"wp-block-group alignfull has-base-color has-contrast-background-color has-text-color has-background has-global-padding is-layout-constrained wp-container-core-group-is-layout-ef3d885c wp-block-group-is-layout-constrained\" style=\"margin-top:0;margin-bottom:0;padding-top:var(--wp--preset--spacing--60);padding-right:var(--wp--preset--spacing--60);padding-bottom:var(--wp--preset--spacing--60);padding-left:var(--wp--preset--spacing--60)\">\n<div class=\"wp-block-group has-global-padding is-layout-constrained wp-block-group-is-layout-constrained\">\n<p class=\"has-text-align-center has-base-color has-text-color has-heading-font-family has-x-large-font-size\" style=\"line-height:1.2\"> <em>\u201cReng\u00f8ring, er ogs\u00e5 et h\u00e5ndv\u00e6rk.<\/em><\/p>\n\n\n\n<p class=\"has-text-align-center has-base-color has-text-color has-heading-font-family has-x-large-font-size\" style=\"line-height:1.2\">Der er stor tilfredshed i at kunne levere et arbejde, hvor det hele bare shiner<em>\u201d<\/em> <\/p>\n\n\n\n<div style=\"height:var(--wp--preset--spacing--10)\" aria-hidden=\"true\" class=\"wp-block-spacer\"><\/div>\n\n\n\n<div class=\"wp-block-group is-vertical is-content-justification-center is-nowrap is-layout-flex wp-container-core-group-is-layout-2dc08cea wp-block-group-is-layout-flex\">\n\n\n<p class=\"has-text-align-center\" style=\"margin-top:var(--wp--preset--spacing--10);margin-bottom:0\">Niels Jacob J\u00f8rgensen<\/p>\n\n\n\n<p class=\"has-text-align-center has-contrast-3-color has-text-color has-small-font-size\" style=\"font-style:normal;font-weight:300\">Cleanon<\/p>\n<\/div>\n<\/div>\n<\/div>\n\n\n\n<p>Kontakt: Nielsjj10@hotmail.com-60608590-Tagensvej 89, 2200 Kbh. N<\/p>\n\n\n\n<div class=\"wp-block-group alignfull has-global-padding is-layout-constrained wp-container-core-group-is-layout-d89aad35 wp-block-group-is-layout-constrained\" style=\"margin-top:0;margin-bottom:0;padding-top:var(--wp--preset--spacing--50);padding-right:var(--wp--preset--spacing--50);padding-bottom:var(--wp--preset--spacing--50);padding-left:var(--wp--preset--spacing--50)\"><\/div>\n","protected":false},"excerpt":{"rendered":"<p>Vi er her for at hj\u00e6lpe dig, vi har erfaringen. Erhvervsreng\u00f8ring-Butiksreng\u00f8ring-Byggepladsservice. Kontorreng\u00f8ring-H\u00e5ndv\u00e6rkerreng\u00f8ring-Privat reng\u00f8ring-Hovedreng\u00f8ring-Afkalkning-Fraflytterreng\u00f8ring-You name it. Ring til Niels p\u00e5 60 60 85 90 Jeg er her for at l\u00f8se jeres opgave. Jeg tager gerne med selv, for at starte det hele op. Giv et ring, eller send en mail p\u00e5 nielsjj10@hotmail.com. Jeg er klar med [&hellip;]<\/p>\n","protected":false},"author":1,"featured_media":0,"parent":0,"menu_order":0,"comment_status":"closed","ping_status":"closed","template":"","meta":{"footnotes":""},"class_list":["post-6","page","type-page","status-publish","hentry"],"_links":{"self":[{"href":"https:\/\/cleanon.dk\/index.php?rest_route=\/wp\/v2\/pages\/6","targetHints":{"allow":["GET"]}}],"collection":[{"href":"https:\/\/cleanon.dk\/index.php?rest_route=\/wp\/v2\/pages"}],"about":[{"href":"https:\/\/cleanon.dk\/index.php?rest_route=\/wp\/v2\/types\/page"}],"author":[{"embeddable":true,"href":"https:\/\/cleanon.dk\/index.php?rest_route=\/wp\/v2\/users\/1"}],"replies":[{"embeddable":true,"href":"https:\/\/cleanon.dk\/index.php?rest_route=%2Fwp%2Fv2%2Fcomments&post=6"}],"version-history":[{"count":5,"href":"https:\/\/cleanon.dk\/index.php?rest_route=\/wp\/v2\/pages\/6\/revisions"}],"predecessor-version":[{"id":33,"href":"https:\/\/cleanon.dk\/index.php?rest_route=\/wp\/v2\/pages\/6\/revisions\/33"}],"wp:attachment":[{"href":"https:\/\/cleanon.dk\/index.php?rest_route=%2Fwp%2Fv2%2Fmedia&parent=6"}],"curies":[{"name":"wp","href":"https:\/\/api.w.org\/{rel}","templated":true}]}}